{"id":14582,"date":"2024-12-28T13:12:14","date_gmt":"2024-12-28T12:12:14","guid":{"rendered":"https:\/\/bluegorilla.es\/entrena\/?page_id=14582"},"modified":"2024-12-28T13:19:45","modified_gmt":"2024-12-28T12:19:45","slug":"gprs-tapes-amazon-dt","status":"publish","type":"page","link":"https:\/\/box.bluegorilla.es\/en\/gprs-tapes-amazon-dt","title":{"rendered":"GPRS Tapes Amazon DT"},"content":{"rendered":"<div data-elementor-type=\"wp-page\" data-elementor-id=\"14582\" class=\"elementor elementor-14582\">\n\t\t\t\t\t\t\t\t\t<section class=\"elementor-section elementor-top-section elementor-element elementor-element-e998ef9 elementor-section-boxed elementor-section-height-default elementor-section-height-default\" data-id=\"e998ef9\" data-element_type=\"section\">\n\t\t\t\t\t\t<div class=\"elementor-container elementor-column-gap-default\">\n\t\t\t\t\t<div class=\"elementor-column elementor-col-100 elementor-top-column elementor-element elementor-element-0bce28e\" data-id=\"0bce28e\" data-element_type=\"column\">\n\t\t\t<div class=\"elementor-widget-wrap elementor-element-populated\">\n\t\t\t\t\t\t\t\t<div class=\"elementor-element elementor-element-dd9ef47 elementor-widget elementor-widget-spacer\" data-id=\"dd9ef47\" data-element_type=\"widget\" data-widget_type=\"spacer.default\">\n\t\t\t\t<div class=\"elementor-widget-container\">\n\t\t\t<style>\/*! elementor - v3.6.7 - 03-07-2022 *\/\n.e-container.e-container--row .elementor-spacer-inner{width:var(--spacer-size)}.e-container.e-container--column .elementor-spacer-inner,.elementor-column .elementor-spacer-inner{height:var(--spacer-size)}<\/style>\t\t<div class=\"elementor-spacer\">\n\t\t\t<div class=\"elementor-spacer-inner\"><\/div>\n\t\t<\/div>\n\t\t\t\t<\/div>\n\t\t\t\t<\/div>\n\t\t\t\t<div class=\"elementor-element elementor-element-598f371 elementor-widget elementor-widget-heading\" data-id=\"598f371\" data-element_type=\"widget\" data-widget_type=\"heading.default\">\n\t\t\t\t<div class=\"elementor-widget-container\">\n\t\t\t<style>\/*! elementor - v3.6.7 - 03-07-2022 *\/\n.elementor-heading-title{padding:0;margin:0;line-height:1}.elementor-widget-heading .elementor-heading-title[class*=elementor-size-]>a{color:inherit;font-size:inherit;line-height:inherit}.elementor-widget-heading .elementor-heading-title.elementor-size-small{font-size:15px}.elementor-widget-heading .elementor-heading-title.elementor-size-medium{font-size:19px}.elementor-widget-heading .elementor-heading-title.elementor-size-large{font-size:29px}.elementor-widget-heading .elementor-heading-title.elementor-size-xl{font-size:39px}.elementor-widget-heading .elementor-heading-title.elementor-size-xxl{font-size:59px}<\/style><h2 class=\"elementor-heading-title elementor-size-default\"><h2 style=\"white-space-collapse: collapse;\">Gebrauchs-, Anwendungs- und Sicherheitshinweise: Tapes<\/h2><div><\/h2>\t\t<\/div>\n\t\t\t\t<\/div>\n\t\t\t\t<div class=\"elementor-element elementor-element-c761ba8 elementor-aspect-ratio-169 elementor-widget elementor-widget-video\" data-id=\"c761ba8\" data-element_type=\"widget\" data-settings=\"{&quot;video_type&quot;:&quot;hosted&quot;,&quot;controls&quot;:&quot;yes&quot;,&quot;aspect_ratio&quot;:&quot;169&quot;}\" data-widget_type=\"video.default\">\n\t\t\t\t<div class=\"elementor-widget-container\">\n\t\t\t<style>\/*! elementor - v3.6.7 - 03-07-2022 *\/\n.elementor-widget-video .elementor-widget-container{overflow:hidden;-webkit-transform:translateZ(0);transform:translateZ(0)}.elementor-widget-video .elementor-open-inline .elementor-custom-embed-image-overlay{position:absolute;top:0;left:0;width:100%;height:100%;background-size:cover;background-position:50%}.elementor-widget-video .elementor-custom-embed-image-overlay{cursor:pointer;text-align:center}.elementor-widget-video .elementor-custom-embed-image-overlay:hover .elementor-custom-embed-play i{opacity:1}.elementor-widget-video .elementor-custom-embed-image-overlay img{display:block;width:100%}.elementor-widget-video .e-hosted-video .elementor-video{-o-object-fit:cover;object-fit:cover}<\/style>\t\t<div class=\"e-hosted-video elementor-wrapper elementor-fit-aspect-ratio elementor-open-inline\">\n\t\t\t\t\t<video class=\"elementor-video\" src=\"https:\/\/box.bluegorilla.es\/wp-content\/uploads\/video-tape.mp4\" controls=\"\" controlslist=\"nodownload\" poster=\"https:\/\/box.bluegorilla.es\/wp-content\/uploads\/09a3895.jpg\"><\/video>\n\t\t\t\t<\/div>\n\t\t\t\t<\/div>\n\t\t\t\t<\/div>\n\t\t\t\t<div class=\"elementor-element elementor-element-16e5f91 elementor-widget elementor-widget-text-editor\" data-id=\"16e5f91\" data-element_type=\"widget\" data-widget_type=\"text-editor.default\">\n\t\t\t\t<div class=\"elementor-widget-container\">\n\t\t\t<style>\/*! elementor - v3.6.7 - 03-07-2022 *\/\n.elementor-widget-text-editor.elementor-drop-cap-view-stacked .elementor-drop-cap{background-color:#818a91;color:#fff}.elementor-widget-text-editor.elementor-drop-cap-view-framed .elementor-drop-cap{color:#818a91;border:3px solid;background-color:transparent}.elementor-widget-text-editor:not(.elementor-drop-cap-view-default) .elementor-drop-cap{margin-top:8px}.elementor-widget-text-editor:not(.elementor-drop-cap-view-default) .elementor-drop-cap-letter{width:1em;height:1em}.elementor-widget-text-editor .elementor-drop-cap{float:left;text-align:center;line-height:1;font-size:50px}.elementor-widget-text-editor .elementor-drop-cap-letter{display:inline-block}<\/style>\t\t\t\t<p><strong>Gebrauchsanweisung<\/strong><\/p><ol><li><strong>Reinigen und Trocknen Sie die Haut:<\/strong> Stellen Sie sicher, dass Ihre Finger sauber und trocken sind, bevor Sie das Tape auftragen, um eine optimale Haftung zu gew\u00e4hrleisten.<\/li><li><strong>Schneiden Sie das Tape zu:<\/strong> Messen und schneiden Sie die ben\u00f6tigte L\u00e4nge zu, mit etwas Spielraum f\u00fcr eine bequeme Wickelung um den Finger.<\/li><li><strong>Mit M\u00e4\u00dfigem Zug Auftragen:<\/strong> Wickeln Sie das Tape um den Finger, beginnend an der Basis und bis zur Spitze. Vermeiden Sie es, zu fest zu wickeln, um Durchblutungsprobleme zu vermeiden.<\/li><li><strong>Kontaktbereiche Abdecken:<\/strong> Stellen Sie sicher, dass das Tape die Fingerteile bedeckt, die in direktem Kontakt mit Stangen, Hanteln oder anderen Ger\u00e4ten stehen.<\/li><li><strong>Ende Fixieren:<\/strong> Dr\u00fccken Sie das Ende des Tapes fest an, damit es gut haftet.<\/li><\/ol><p><strong>Sicherheitstipps<\/strong><\/p><ul><li><strong>Nicht Zu Fest Anlegen:<\/strong> Ein zu festes Tape kann Unbehagen oder Durchblutungsprobleme verursachen.<\/li><li><strong>Vermeiden Sie Wiederverwendung:<\/strong> Verwenden Sie bei jeder Trainingseinheit ein neues Tape, um maximale Schutz- und Hygienestandards zu gew\u00e4hrleisten.<\/li><li><strong>Vorsichtig Entfernen:<\/strong> Entfernen Sie das Tape nach dem Training vorsichtig, um Hautirritationen zu vermeiden.<\/li><li><strong>Pflegen Sie Ihre Haut:<\/strong> Tragen Sie nach jeder Anwendung eine Feuchtigkeitscreme auf die Finger auf, um Trockenheit oder Reizungen zu verhindern.<\/li><\/ul><p><strong>Vorsichtsma\u00dfnahmen<\/strong><\/p><ul><li>Nicht auf offenen Wunden oder gereizter Haut verwenden.<\/li><li>Bei R\u00f6tungen, Juckreiz oder allergischen Reaktionen sofort absetzen.<\/li><li>Lagern Sie das Tape an einem k\u00fchlen, trockenen Ort, um die Klebeeigenschaften zu erhalten.<\/li><\/ul>\t\t\t\t\t\t<\/div>\n\t\t\t\t<\/div>\n\t\t\t\t<div class=\"elementor-element elementor-element-d8bc801 elementor-arrows-position-inside elementor-pagination-position-outside elementor-widget elementor-widget-image-carousel\" data-id=\"d8bc801\" data-element_type=\"widget\" data-settings=\"{&quot;slides_to_show&quot;:&quot;4&quot;,&quot;navigation&quot;:&quot;both&quot;,&quot;autoplay&quot;:&quot;yes&quot;,&quot;pause_on_hover&quot;:&quot;yes&quot;,&quot;pause_on_interaction&quot;:&quot;yes&quot;,&quot;autoplay_speed&quot;:5000,&quot;infinite&quot;:&quot;yes&quot;,&quot;speed&quot;:500}\" data-widget_type=\"image-carousel.default\">\n\t\t\t\t<div class=\"elementor-widget-container\">\n\t\t\t<style>\/*! elementor - v3.6.7 - 03-07-2022 *\/\n.elementor-widget-image-carousel .swiper-container{position:static}.elementor-widget-image-carousel .swiper-container .swiper-slide figure{line-height:inherit}.elementor-widget-image-carousel .swiper-slide{text-align:center}.elementor-image-carousel-wrapper:not(.swiper-container-initialized) .swiper-slide{max-width:calc(100% \/ var(--e-image-carousel-slides-to-show, 3))}<\/style>\t\t<div class=\"elementor-image-carousel-wrapper swiper-container\" dir=\"ltr\">\n\t\t\t<div class=\"elementor-image-carousel swiper-wrapper\">\n\t\t\t\t\t\t\t\t<div class=\"swiper-slide\"><figure class=\"swiper-slide-inner\"><img decoding=\"async\" class=\"swiper-slide-image\" src=\"https:\/\/box.bluegorilla.es\/wp-content\/uploads\/09a3895-150x150.jpg\" alt=\"_09A3895\" \/><\/figure><\/div><div class=\"swiper-slide\"><figure class=\"swiper-slide-inner\"><img decoding=\"async\" class=\"swiper-slide-image\" src=\"https:\/\/box.bluegorilla.es\/wp-content\/uploads\/09a3912-150x150.jpg\" alt=\"_09A3912\" \/><\/figure><\/div><div class=\"swiper-slide\"><figure class=\"swiper-slide-inner\"><img decoding=\"async\" class=\"swiper-slide-image\" src=\"https:\/\/box.bluegorilla.es\/wp-content\/uploads\/09a3922-150x150.jpg\" alt=\"_09A3922\" \/><\/figure><\/div><div class=\"swiper-slide\"><figure class=\"swiper-slide-inner\"><img decoding=\"async\" class=\"swiper-slide-image\" src=\"https:\/\/box.bluegorilla.es\/wp-content\/uploads\/09a3931-150x150.jpg\" alt=\"_09A3931\" \/><\/figure><\/div><div class=\"swiper-slide\"><figure class=\"swiper-slide-inner\"><img decoding=\"async\" class=\"swiper-slide-image\" src=\"https:\/\/box.bluegorilla.es\/wp-content\/uploads\/09a3932-150x150.jpg\" alt=\"_09A3932\" \/><\/figure><\/div><div class=\"swiper-slide\"><figure class=\"swiper-slide-inner\"><img decoding=\"async\" class=\"swiper-slide-image\" src=\"https:\/\/box.bluegorilla.es\/wp-content\/uploads\/09a4310-1-150x150.jpg\" alt=\"_09A4310\" \/><\/figure><\/div><div class=\"swiper-slide\"><figure class=\"swiper-slide-inner\"><img decoding=\"async\" class=\"swiper-slide-image\" src=\"https:\/\/box.bluegorilla.es\/wp-content\/uploads\/09a4317-150x150.jpg\" alt=\"_09A4317\" \/><\/figure><\/div><div class=\"swiper-slide\"><figure class=\"swiper-slide-inner\"><img decoding=\"async\" class=\"swiper-slide-image\" src=\"https:\/\/box.bluegorilla.es\/wp-content\/uploads\/09a3897-150x150.jpg\" alt=\"_09A3897\" \/><\/figure><\/div><div class=\"swiper-slide\"><figure class=\"swiper-slide-inner\"><img decoding=\"async\" class=\"swiper-slide-image\" src=\"https:\/\/box.bluegorilla.es\/wp-content\/uploads\/09a3933-150x150.jpg\" alt=\"_09A3933\" \/><\/figure><\/div><div class=\"swiper-slide\"><figure class=\"swiper-slide-inner\"><img decoding=\"async\" class=\"swiper-slide-image\" src=\"https:\/\/box.bluegorilla.es\/wp-content\/uploads\/09a3936-150x150.jpg\" alt=\"_09A3936\" \/><\/figure><\/div><div class=\"swiper-slide\"><figure class=\"swiper-slide-inner\"><img decoding=\"async\" class=\"swiper-slide-image\" src=\"https:\/\/box.bluegorilla.es\/wp-content\/uploads\/09a3937-150x150.jpg\" alt=\"_09A3937\" \/><\/figure><\/div>\t\t\t<\/div>\n\t\t\t\t\t\t\t\t\t\t\t\t<div class=\"swiper-pagination\"><\/div>\n\t\t\t\t\t\t\t\t\t\t\t\t\t<div class=\"elementor-swiper-button elementor-swiper-button-prev\">\n\t\t\t\t\t\t<i aria-hidden=\"true\" class=\"eicon-chevron-left\"><\/i>\t\t\t\t\t\t<span class=\"elementor-screen-only\">Previous<\/span>\n\t\t\t\t\t<\/div>\n\t\t\t\t\t<div class=\"elementor-swiper-button elementor-swiper-button-next\">\n\t\t\t\t\t\t<i aria-hidden=\"true\" class=\"eicon-chevron-right\"><\/i>\t\t\t\t\t\t<span class=\"elementor-screen-only\">Next<\/span>\n\t\t\t\t\t<\/div>\n\t\t\t\t\t\t\t\t\t<\/div>\n\t\t\t\t<\/div>\n\t\t\t\t<\/div>\n\t\t\t\t<div class=\"elementor-element elementor-element-9d91d8a elementor-widget elementor-widget-text-editor\" data-id=\"9d91d8a\" data-element_type=\"widget\" data-widget_type=\"text-editor.default\">\n\t\t\t\t<div class=\"elementor-widget-container\">\n\t\t\t\t\t\t\t<p>Kontakt EU : BLUEGORILLA SL<\/p><p>EMAIL: <a href=\"https:\/\/sv06.grupoextremovirtual.com:8443\/smb\/email-address\/edit\/id\/1412\/domainId\/215\">gprs_info@bluegorilla.es<\/a><\/p>\t\t\t\t\t\t<\/div>\n\t\t\t\t<\/div>\n\t\t\t\t\t<\/div>\n\t\t<\/div>\n\t\t\t\t\t\t\t<\/div>\n\t\t<\/section>\n\t\t\t\t\t\t\t<\/div>","protected":false},"excerpt":{"rendered":"<a class=\"read-more\" href=\"https:\/\/box.bluegorilla.es\/en\/gprs-tapes-amazon-dt\">Leer art\u00edculo<\/a>","protected":false},"author":2,"featured_media":0,"parent":0,"menu_order":0,"comment_status":"closed","ping_status":"closed","template":"","meta":{"_genesis_hide_title":false,"_genesis_hide_breadcrumbs":false,"_genesis_hide_singular_image":false,"_genesis_hide_footer_widgets":false,"_genesis_custom_body_class":"","_genesis_custom_post_class":"","_genesis_layout":"","footnotes":""},"class_list":{"0":"post-14582","1":"page","2":"type-page","3":"status-publish","5":"entry"},"yoast_head":"<!-- This site is optimized with the Yoast SEO plugin v19.3 - https:\/\/yoast.com\/wordpress\/plugins\/seo\/ -->\n<title>GPRS Tapes Amazon DT - BLUEGORILLA<\/title>\n<meta name=\"robots\" content=\"index, follow, max-snippet:-1, max-image-preview:large, max-video-preview:-1\" \/>\n<link rel=\"canonical\" href=\"https:\/\/box.bluegorilla.es\/en\/gprs-tapes-amazon-dt\/\" \/>\n<meta property=\"og:locale\" content=\"en_GB\" \/>\n<meta property=\"og:type\" content=\"article\" \/>\n<meta property=\"og:title\" content=\"GPRS Tapes Amazon DT - BLUEGORILLA\" \/>\n<meta property=\"og:description\" content=\"Gebrauchs-, Anwendungs- und Sicherheitshinweise: Tapes https:\/\/box.bluegorilla.es\/wp-content\/uploads\/video-tape.mp4 Gebrauchsanweisung Reinigen und Trocknen Sie die Haut: Stellen Sie sicher, dass Ihre Finger sauber und trocken sind, bevor Sie das Tape auftragen, um eine optimale Haftung zu gew\u00e4hrleisten. Schneiden Sie das Tape zu: Messen und schneiden Sie die ben\u00f6tigte L\u00e4nge zu, mit etwas Spielraum f\u00fcr eine bequeme Wickelung um [&hellip;]\" \/>\n<meta property=\"og:url\" content=\"https:\/\/box.bluegorilla.es\/en\/gprs-tapes-amazon-dt\/\" \/>\n<meta property=\"og:site_name\" content=\"BLUEGORILLA\" \/>\n<meta property=\"article:modified_time\" content=\"2024-12-28T12:19:45+00:00\" \/>\n<meta property=\"og:image\" content=\"https:\/\/box.bluegorilla.es\/wp-content\/uploads\/09a3895-150x150.jpg\" \/>\n<meta name=\"twitter:card\" content=\"summary\" \/>\n<meta name=\"twitter:label1\" content=\"Estimated reading time\" \/>\n\t<meta name=\"twitter:data1\" content=\"1 minute\" \/>\n<script type=\"application\/ld+json\" class=\"yoast-schema-graph\">{\"@context\":\"https:\/\/schema.org\",\"@graph\":[{\"@type\":\"WebSite\",\"@id\":\"https:\/\/box.bluegorilla.es\/#website\",\"url\":\"https:\/\/box.bluegorilla.es\/\",\"name\":\"BLUEGORILLA\",\"description\":\"Entrenamiento personal\",\"potentialAction\":[{\"@type\":\"SearchAction\",\"target\":{\"@type\":\"EntryPoint\",\"urlTemplate\":\"https:\/\/box.bluegorilla.es\/?s={search_term_string}\"},\"query-input\":\"required name=search_term_string\"}],\"inLanguage\":\"en-GB\"},{\"@type\":\"ImageObject\",\"inLanguage\":\"en-GB\",\"@id\":\"https:\/\/box.bluegorilla.es\/gprs-tapes-amazon-dt#primaryimage\",\"url\":\"https:\/\/box.bluegorilla.es\/wp-content\/uploads\/09a3895.jpg\",\"contentUrl\":\"https:\/\/box.bluegorilla.es\/wp-content\/uploads\/09a3895.jpg\",\"width\":1920,\"height\":1280,\"caption\":\"_09A3895\"},{\"@type\":\"WebPage\",\"@id\":\"https:\/\/box.bluegorilla.es\/gprs-tapes-amazon-dt\",\"url\":\"https:\/\/box.bluegorilla.es\/gprs-tapes-amazon-dt\",\"name\":\"GPRS Tapes Amazon DT - BLUEGORILLA\",\"isPartOf\":{\"@id\":\"https:\/\/box.bluegorilla.es\/#website\"},\"primaryImageOfPage\":{\"@id\":\"https:\/\/box.bluegorilla.es\/gprs-tapes-amazon-dt#primaryimage\"},\"datePublished\":\"2024-12-28T12:12:14+00:00\",\"dateModified\":\"2024-12-28T12:19:45+00:00\",\"breadcrumb\":{\"@id\":\"https:\/\/box.bluegorilla.es\/gprs-tapes-amazon-dt#breadcrumb\"},\"inLanguage\":\"en-GB\",\"potentialAction\":[{\"@type\":\"ReadAction\",\"target\":[\"https:\/\/box.bluegorilla.es\/gprs-tapes-amazon-dt\"]}]},{\"@type\":\"BreadcrumbList\",\"@id\":\"https:\/\/box.bluegorilla.es\/gprs-tapes-amazon-dt#breadcrumb\",\"itemListElement\":[{\"@type\":\"ListItem\",\"position\":1,\"name\":\"Portada\",\"item\":\"https:\/\/box.bluegorilla.es\/\"},{\"@type\":\"ListItem\",\"position\":2,\"name\":\"GPRS Tapes Amazon DT\"}]}]}<\/script>\n<!-- \/ Yoast SEO plugin. -->","yoast_head_json":{"title":"GPRS Tapes Amazon DT - BLUEGORILLA","robots":{"index":"index","follow":"follow","max-snippet":"max-snippet:-1","max-image-preview":"max-image-preview:large","max-video-preview":"max-video-preview:-1"},"canonical":"https:\/\/box.bluegorilla.es\/en\/gprs-tapes-amazon-dt\/","og_locale":"en_GB","og_type":"article","og_title":"GPRS Tapes Amazon DT - BLUEGORILLA","og_description":"Gebrauchs-, Anwendungs- und Sicherheitshinweise: Tapes https:\/\/box.bluegorilla.es\/wp-content\/uploads\/video-tape.mp4 Gebrauchsanweisung Reinigen und Trocknen Sie die Haut: Stellen Sie sicher, dass Ihre Finger sauber und trocken sind, bevor Sie das Tape auftragen, um eine optimale Haftung zu gew\u00e4hrleisten. Schneiden Sie das Tape zu: Messen und schneiden Sie die ben\u00f6tigte L\u00e4nge zu, mit etwas Spielraum f\u00fcr eine bequeme Wickelung um [&hellip;]","og_url":"https:\/\/box.bluegorilla.es\/en\/gprs-tapes-amazon-dt\/","og_site_name":"BLUEGORILLA","article_modified_time":"2024-12-28T12:19:45+00:00","og_image":[{"url":"https:\/\/box.bluegorilla.es\/wp-content\/uploads\/09a3895-150x150.jpg"}],"twitter_card":"summary","twitter_misc":{"Estimated reading time":"1 minute"},"schema":{"@context":"https:\/\/schema.org","@graph":[{"@type":"WebSite","@id":"https:\/\/box.bluegorilla.es\/#website","url":"https:\/\/box.bluegorilla.es\/","name":"BLUEGORILLA","description":"Entrenamiento personal","potentialAction":[{"@type":"SearchAction","target":{"@type":"EntryPoint","urlTemplate":"https:\/\/box.bluegorilla.es\/?s={search_term_string}"},"query-input":"required name=search_term_string"}],"inLanguage":"en-GB"},{"@type":"ImageObject","inLanguage":"en-GB","@id":"https:\/\/box.bluegorilla.es\/gprs-tapes-amazon-dt#primaryimage","url":"https:\/\/box.bluegorilla.es\/wp-content\/uploads\/09a3895.jpg","contentUrl":"https:\/\/box.bluegorilla.es\/wp-content\/uploads\/09a3895.jpg","width":1920,"height":1280,"caption":"_09A3895"},{"@type":"WebPage","@id":"https:\/\/box.bluegorilla.es\/gprs-tapes-amazon-dt","url":"https:\/\/box.bluegorilla.es\/gprs-tapes-amazon-dt","name":"GPRS Tapes Amazon DT - BLUEGORILLA","isPartOf":{"@id":"https:\/\/box.bluegorilla.es\/#website"},"primaryImageOfPage":{"@id":"https:\/\/box.bluegorilla.es\/gprs-tapes-amazon-dt#primaryimage"},"datePublished":"2024-12-28T12:12:14+00:00","dateModified":"2024-12-28T12:19:45+00:00","breadcrumb":{"@id":"https:\/\/box.bluegorilla.es\/gprs-tapes-amazon-dt#breadcrumb"},"inLanguage":"en-GB","potentialAction":[{"@type":"ReadAction","target":["https:\/\/box.bluegorilla.es\/gprs-tapes-amazon-dt"]}]},{"@type":"BreadcrumbList","@id":"https:\/\/box.bluegorilla.es\/gprs-tapes-amazon-dt#breadcrumb","itemListElement":[{"@type":"ListItem","position":1,"name":"Portada","item":"https:\/\/box.bluegorilla.es\/"},{"@type":"ListItem","position":2,"name":"GPRS Tapes Amazon DT"}]}]}},"_links":{"self":[{"href":"https:\/\/box.bluegorilla.es\/en\/wp-json\/wp\/v2\/pages\/14582","targetHints":{"allow":["GET"]}}],"collection":[{"href":"https:\/\/box.bluegorilla.es\/en\/wp-json\/wp\/v2\/pages"}],"about":[{"href":"https:\/\/box.bluegorilla.es\/en\/wp-json\/wp\/v2\/types\/page"}],"author":[{"embeddable":true,"href":"https:\/\/box.bluegorilla.es\/en\/wp-json\/wp\/v2\/users\/2"}],"replies":[{"embeddable":true,"href":"https:\/\/box.bluegorilla.es\/en\/wp-json\/wp\/v2\/comments?post=14582"}],"version-history":[{"count":4,"href":"https:\/\/box.bluegorilla.es\/en\/wp-json\/wp\/v2\/pages\/14582\/revisions"}],"predecessor-version":[{"id":14601,"href":"https:\/\/box.bluegorilla.es\/en\/wp-json\/wp\/v2\/pages\/14582\/revisions\/14601"}],"wp:attachment":[{"href":"https:\/\/box.bluegorilla.es\/en\/wp-json\/wp\/v2\/media?parent=14582"}],"curies":[{"name":"wp","href":"https:\/\/api.w.org\/{rel}","templated":true}]}}