{"id":14821,"date":"2025-04-01T00:00:40","date_gmt":"2025-03-31T22:00:40","guid":{"rendered":"https:\/\/bluegorilla.es\/entrena\/?page_id=14821"},"modified":"2026-03-20T09:18:04","modified_gmt":"2026-03-20T08:18:04","slug":"gprs-kinesiotape-sp","status":"publish","type":"page","link":"https:\/\/box.bluegorilla.es\/en\/gprs-kinesiotape-sp","title":{"rendered":"GPRS KinesioTape SP"},"content":{"rendered":"<div data-elementor-type=\"wp-page\" data-elementor-id=\"14821\" class=\"elementor elementor-14821\">\n\t\t\t\t\t\t\t\t\t<section class=\"elementor-section elementor-top-section elementor-element elementor-element-ce3dd12 elementor-section-boxed elementor-section-height-default elementor-section-height-default\" data-id=\"ce3dd12\" data-element_type=\"section\">\n\t\t\t\t\t\t<div class=\"elementor-container elementor-column-gap-default\">\n\t\t\t\t\t<div class=\"elementor-column elementor-col-100 elementor-top-column elementor-element elementor-element-92f12a0\" data-id=\"92f12a0\" data-element_type=\"column\">\n\t\t\t<div class=\"elementor-widget-wrap elementor-element-populated\">\n\t\t\t\t\t\t\t\t<div class=\"elementor-element elementor-element-d6ddf11 elementor-widget elementor-widget-heading\" data-id=\"d6ddf11\" data-element_type=\"widget\" data-widget_type=\"heading.default\">\n\t\t\t\t<div class=\"elementor-widget-container\">\n\t\t\t<style>\/*! elementor - v3.6.7 - 03-07-2022 *\/\n.elementor-heading-title{padding:0;margin:0;line-height:1}.elementor-widget-heading .elementor-heading-title[class*=elementor-size-]>a{color:inherit;font-size:inherit;line-height:inherit}.elementor-widget-heading .elementor-heading-title.elementor-size-small{font-size:15px}.elementor-widget-heading .elementor-heading-title.elementor-size-medium{font-size:19px}.elementor-widget-heading .elementor-heading-title.elementor-size-large{font-size:29px}.elementor-widget-heading .elementor-heading-title.elementor-size-xl{font-size:39px}.elementor-widget-heading .elementor-heading-title.elementor-size-xxl{font-size:59px}<\/style><h2 class=\"elementor-heading-title elementor-size-default\"><h2>Gu\u00eda de aplicaci\u00f3n, uso y seguridad - Kinesiotapes<\/h2> <!-- Espa\u00f1ol --><\/h2>\t\t<\/div>\n\t\t\t\t<\/div>\n\t\t\t\t<div class=\"elementor-element elementor-element-a02c8cf elementor-widget elementor-widget-image\" data-id=\"a02c8cf\" data-element_type=\"widget\" data-widget_type=\"image.default\">\n\t\t\t\t<div class=\"elementor-widget-container\">\n\t\t\t<style>\/*! elementor - v3.6.7 - 03-07-2022 *\/\n.elementor-widget-image{text-align:center}.elementor-widget-image a{display:inline-block}.elementor-widget-image a img[src$=\".svg\"]{width:48px}.elementor-widget-image img{vertical-align:middle;display:inline-block}<\/style>\t\t\t\t\t\t\t\t\t\t\t\t<img loading=\"lazy\" decoding=\"async\" width=\"1024\" height=\"512\" src=\"https:\/\/box.bluegorilla.es\/wp-content\/uploads\/kinesio-contenidoa-1-1024x512.jpg\" class=\"attachment-large size-large\" alt=\"Kinesio_contenidoa_1\" srcset=\"https:\/\/box.bluegorilla.es\/wp-content\/uploads\/kinesio-contenidoa-1-1024x512.jpg 1024w, https:\/\/box.bluegorilla.es\/wp-content\/uploads\/kinesio-contenidoa-1-300x150.jpg 300w, https:\/\/box.bluegorilla.es\/wp-content\/uploads\/kinesio-contenidoa-1-1536x768.jpg 1536w, https:\/\/box.bluegorilla.es\/wp-content\/uploads\/kinesio-contenidoa-1-2048x1024.jpg 2048w, https:\/\/box.bluegorilla.es\/wp-content\/uploads\/kinesio-contenidoa-1-18x9.jpg 18w\" sizes=\"auto, (max-width: 1024px) 100vw, 1024px\" \/>\t\t\t\t\t\t\t\t\t\t\t\t\t\t\t<\/div>\n\t\t\t\t<\/div>\n\t\t\t\t<div class=\"elementor-element elementor-element-f9e24e3 elementor-widget elementor-widget-text-editor\" data-id=\"f9e24e3\" data-element_type=\"widget\" data-widget_type=\"text-editor.default\">\n\t\t\t\t<div class=\"elementor-widget-container\">\n\t\t\t<style>\/*! elementor - v3.6.7 - 03-07-2022 *\/\n.elementor-widget-text-editor.elementor-drop-cap-view-stacked .elementor-drop-cap{background-color:#818a91;color:#fff}.elementor-widget-text-editor.elementor-drop-cap-view-framed .elementor-drop-cap{color:#818a91;border:3px solid;background-color:transparent}.elementor-widget-text-editor:not(.elementor-drop-cap-view-default) .elementor-drop-cap{margin-top:8px}.elementor-widget-text-editor:not(.elementor-drop-cap-view-default) .elementor-drop-cap-letter{width:1em;height:1em}.elementor-widget-text-editor .elementor-drop-cap{float:left;text-align:center;line-height:1;font-size:50px}.elementor-widget-text-editor .elementor-drop-cap-letter{display:inline-block}<\/style>\t\t\t\t<h3 class=\"\" data-start=\"164\" data-end=\"223\"><strong data-start=\"168\" data-end=\"221\">Gu\u00eda de Aplicaci\u00f3n, Uso y Seguridad: Kinesiotapes<\/strong><\/h3>\n\n<strong data-start=\"366\" data-end=\"390\">Nombre del producto:<\/strong> Kinesiotape GPRS<br data-start=\"407\" data-end=\"410\" \/><strong data-start=\"410\" data-end=\"425\">Fabricante:<\/strong> AUPCON MEDICAL TECHNOLOGY (WUXI) CO.LTD<br data-start=\"465\" data-end=\"468\" \/><strong data-start=\"468\" data-end=\"497\">Direcci\u00f3n del fabricante:<\/strong> No. 1060, Antai Third Road, Houqiao Street, Xishan District, Wuxi, Jiangsu, China<br data-start=\"579\" data-end=\"582\" \/><strong data-start=\"582\" data-end=\"618\">Importador responsable en la UE:<\/strong> BLUEGORILLA SL<br data-start=\"719\" data-end=\"722\" \/><strong data-start=\"722\" data-end=\"757\">Correo electr\u00f3nico de contacto:<\/strong> <a rel=\"noopener\" data-start=\"758\" data-end=\"782\">gprs_info@bluegorilla.es<\/a><br data-start=\"782\" data-end=\"785\" \/><strong data-start=\"785\" data-end=\"804\">N\u00famero de lote:<\/strong> Visible en el envase del producto\n\n<h4 class=\"\" data-start=\"225\" data-end=\"263\"><strong data-start=\"230\" data-end=\"261\">Instrucciones de aplicaci\u00f3n<\/strong><\/h4>\n\n<ul data-start=\"264\" data-end=\"601\">\n\n  <li class=\"\" data-start=\"264\" data-end=\"335\">\n\n<p class=\"\" data-start=\"266\" data-end=\"335\">Asegurar que la piel est\u00e9 limpia, seca y libre de aceites o cremas.<\/p>\n\n<\/li>\n\n  <li class=\"\" data-start=\"336\" data-end=\"438\">\n\n<p class=\"\" data-start=\"338\" data-end=\"438\">Cortar el kinesiotape en la longitud deseada y redondear los extremos para evitar que se despegue.<\/p>\n\n<\/li>\n\n  <li class=\"\" data-start=\"439\" data-end=\"534\">\n\n<p class=\"\" data-start=\"441\" data-end=\"534\">Aplicar la cinta sin tensi\u00f3n en los extremos y con la tensi\u00f3n adecuada en la zona afectada.<\/p>\n\n<\/li>\n\n  <li class=\"\" data-start=\"535\" data-end=\"601\">\n\n<p class=\"\" data-start=\"537\" data-end=\"601\">Frotar la cinta despu\u00e9s de aplicarla para activar el adhesivo.<\/p>\n\n<\/li>\n\n<\/ul>\n\n<h4 class=\"\" data-start=\"603\" data-end=\"630\"><strong data-start=\"608\" data-end=\"628\">Uso y beneficios<\/strong><\/h4>\n\n<ul data-start=\"631\" data-end=\"927\">\n\n  <li class=\"\" data-start=\"631\" data-end=\"693\">\n\n<p class=\"\" data-start=\"633\" data-end=\"693\">Proporciona soporte muscular sin restringir el movimiento.<\/p>\n\n<\/li>\n\n  <li class=\"\" data-start=\"694\" data-end=\"769\">\t\t\t\t\t\t<\/div>\n\t\t\t\t<\/div>\n\t\t\t\t<div class=\"elementor-element elementor-element-fe0b6d2 elementor-widget elementor-widget-text-editor\" data-id=\"fe0b6d2\" data-element_type=\"widget\" data-widget_type=\"text-editor.default\">\n\t\t\t\t<div class=\"elementor-widget-container\">\n\t\t\t\t\t\t\t<p>Info EU : BLUEGORILLA SL<\/p><p>EMAIL: <a href=\"https:\/\/sv06.grupoextremovirtual.com:8443\/smb\/email-address\/edit\/id\/1412\/domainId\/215\">gprs_info@bluegorilla.es<\/a><\/p>\t\t\t\t\t\t<\/div>\n\t\t\t\t<\/div>\n\t\t\t\t<div class=\"elementor-element elementor-element-8ad637c elementor-widget elementor-widget-spacer\" data-id=\"8ad637c\" data-element_type=\"widget\" data-widget_type=\"spacer.default\">\n\t\t\t\t<div class=\"elementor-widget-container\">\n\t\t\t<style>\/*! elementor - v3.6.7 - 03-07-2022 *\/\n.e-container.e-container--row .elementor-spacer-inner{width:var(--spacer-size)}.e-container.e-container--column .elementor-spacer-inner,.elementor-column .elementor-spacer-inner{height:var(--spacer-size)}<\/style>\t\t<div class=\"elementor-spacer\">\n\t\t\t<div class=\"elementor-spacer-inner\"><\/div>\n\t\t<\/div>\n\t\t\t\t<\/div>\n\t\t\t\t<\/div>\n\t\t\t\t\t<\/div>\n\t\t<\/div>\n\t\t\t\t\t\t\t<\/div>\n\t\t<\/section>\n\t\t\t\t<section class=\"elementor-section elementor-top-section elementor-element elementor-element-ac45fcb elementor-section-boxed elementor-section-height-default elementor-section-height-default\" data-id=\"ac45fcb\" data-element_type=\"section\">\n\t\t\t\t\t\t<div class=\"elementor-container elementor-column-gap-default\">\n\t\t\t\t\t<div class=\"elementor-column elementor-col-50 elementor-top-column elementor-element elementor-element-2298f13\" data-id=\"2298f13\" data-element_type=\"column\">\n\t\t\t<div class=\"elementor-widget-wrap elementor-element-populated\">\n\t\t\t\t\t\t\t\t<div class=\"elementor-element elementor-element-3c9fe97 elementor-widget elementor-widget-image\" data-id=\"3c9fe97\" data-element_type=\"widget\" data-widget_type=\"image.default\">\n\t\t\t\t<div class=\"elementor-widget-container\">\n\t\t\t\t\t\t\t\t\t\t\t\t\t\t\t<img loading=\"lazy\" decoding=\"async\" width=\"1024\" height=\"1024\" src=\"https:\/\/box.bluegorilla.es\/wp-content\/uploads\/b0dk7y5hrz-ps01-1024x1024.jpg\" class=\"attachment-large size-large\" alt=\"B0DK7Y5HRZ.PS01\" srcset=\"https:\/\/box.bluegorilla.es\/wp-content\/uploads\/b0dk7y5hrz-ps01-1024x1024.jpg 1024w, https:\/\/box.bluegorilla.es\/wp-content\/uploads\/b0dk7y5hrz-ps01-300x300.jpg 300w, https:\/\/box.bluegorilla.es\/wp-content\/uploads\/b0dk7y5hrz-ps01-150x150.jpg 150w, https:\/\/box.bluegorilla.es\/wp-content\/uploads\/b0dk7y5hrz-ps01-1536x1536.jpg 1536w, https:\/\/box.bluegorilla.es\/wp-content\/uploads\/b0dk7y5hrz-ps01-2048x2048.jpg 2048w, https:\/\/box.bluegorilla.es\/wp-content\/uploads\/b0dk7y5hrz-ps01-12x12.jpg 12w\" sizes=\"auto, (max-width: 1024px) 100vw, 1024px\" \/>\t\t\t\t\t\t\t\t\t\t\t\t\t\t\t<\/div>\n\t\t\t\t<\/div>\n\t\t\t\t\t<\/div>\n\t\t<\/div>\n\t\t\t\t<div class=\"elementor-column elementor-col-50 elementor-top-column elementor-element elementor-element-864a8e1\" data-id=\"864a8e1\" data-element_type=\"column\">\n\t\t\t<div class=\"elementor-widget-wrap elementor-element-populated\">\n\t\t\t\t\t\t\t\t<div class=\"elementor-element elementor-element-f17e05e elementor-widget elementor-widget-image\" data-id=\"f17e05e\" data-element_type=\"widget\" data-widget_type=\"image.default\">\n\t\t\t\t<div class=\"elementor-widget-container\">\n\t\t\t\t\t\t\t\t\t\t\t\t\t\t\t<img loading=\"lazy\" decoding=\"async\" width=\"1024\" height=\"1024\" src=\"https:\/\/box.bluegorilla.es\/wp-content\/uploads\/b0dk7y5hrz-ps02-1024x1024.jpg\" class=\"attachment-large size-large\" alt=\"B0DK7Y5HRZ.PS02\" srcset=\"https:\/\/box.bluegorilla.es\/wp-content\/uploads\/b0dk7y5hrz-ps02-1024x1024.jpg 1024w, https:\/\/box.bluegorilla.es\/wp-content\/uploads\/b0dk7y5hrz-ps02-300x300.jpg 300w, https:\/\/box.bluegorilla.es\/wp-content\/uploads\/b0dk7y5hrz-ps02-150x150.jpg 150w, https:\/\/box.bluegorilla.es\/wp-content\/uploads\/b0dk7y5hrz-ps02-1536x1536.jpg 1536w, https:\/\/box.bluegorilla.es\/wp-content\/uploads\/b0dk7y5hrz-ps02-2048x2048.jpg 2048w, https:\/\/box.bluegorilla.es\/wp-content\/uploads\/b0dk7y5hrz-ps02-12x12.jpg 12w\" sizes=\"auto, (max-width: 1024px) 100vw, 1024px\" \/>\t\t\t\t\t\t\t\t\t\t\t\t\t\t\t<\/div>\n\t\t\t\t<\/div>\n\t\t\t\t\t<\/div>\n\t\t<\/div>\n\t\t\t\t\t\t\t<\/div>\n\t\t<\/section>\n\t\t\t\t\t\t\t<\/div>","protected":false},"excerpt":{"rendered":"<a class=\"read-more\" href=\"https:\/\/box.bluegorilla.es\/en\/gprs-kinesiotape-sp\">Leer art\u00edculo<\/a>","protected":false},"author":2,"featured_media":0,"parent":0,"menu_order":0,"comment_status":"closed","ping_status":"closed","template":"","meta":{"_genesis_hide_title":false,"_genesis_hide_breadcrumbs":false,"_genesis_hide_singular_image":false,"_genesis_hide_footer_widgets":false,"_genesis_custom_body_class":"","_genesis_custom_post_class":"","_genesis_layout":"","footnotes":""},"class_list":{"0":"post-14821","1":"page","2":"type-page","3":"status-publish","5":"entry","6":"has-post-thumbnail"},"yoast_head":"<!-- This site is optimized with the Yoast SEO plugin v19.3 - https:\/\/yoast.com\/wordpress\/plugins\/seo\/ -->\n<title>GPRS KinesioTape SP - BLUEGORILLA<\/title>\n<meta name=\"robots\" content=\"index, follow, max-snippet:-1, max-image-preview:large, max-video-preview:-1\" \/>\n<link rel=\"canonical\" href=\"https:\/\/box.bluegorilla.es\/en\/gprs-kinesiotape-sp\/\" \/>\n<meta property=\"og:locale\" content=\"en_GB\" \/>\n<meta property=\"og:type\" content=\"article\" \/>\n<meta property=\"og:title\" content=\"GPRS KinesioTape SP - BLUEGORILLA\" \/>\n<meta property=\"og:description\" content=\"Gu\u00eda de aplicaci\u00f3n, uso y seguridad &#8211; Kinesiotapes Gu\u00eda de Aplicaci\u00f3n, Uso y Seguridad: Kinesiotapes Nombre del producto: Kinesiotape GPRSFabricante: AUPCON MEDICAL TECHNOLOGY (WUXI) CO.LTDDirecci\u00f3n del fabricante: No. 1060, Antai Third Road, Houqiao Street, Xishan District, Wuxi, Jiangsu, ChinaImportador responsable en la UE: BLUEGORILLA SLCorreo electr\u00f3nico de contacto: gprs_info@bluegorilla.esN\u00famero de lote: Visible en el envase [&hellip;]\" \/>\n<meta property=\"og:url\" content=\"https:\/\/box.bluegorilla.es\/en\/gprs-kinesiotape-sp\/\" \/>\n<meta property=\"og:site_name\" content=\"BLUEGORILLA\" \/>\n<meta property=\"article:modified_time\" content=\"2026-03-20T08:18:04+00:00\" \/>\n<meta property=\"og:image\" content=\"https:\/\/box.bluegorilla.es\/wp-content\/uploads\/kinesio-contenidoa-1-1024x512.jpg\" \/>\n<meta name=\"twitter:card\" content=\"summary\" \/>\n<meta name=\"twitter:label1\" content=\"Estimated reading time\" \/>\n\t<meta name=\"twitter:data1\" content=\"1 minute\" \/>\n<script type=\"application\/ld+json\" class=\"yoast-schema-graph\">{\"@context\":\"https:\/\/schema.org\",\"@graph\":[{\"@type\":\"WebSite\",\"@id\":\"https:\/\/box.bluegorilla.es\/#website\",\"url\":\"https:\/\/box.bluegorilla.es\/\",\"name\":\"BLUEGORILLA\",\"description\":\"Entrenamiento personal\",\"potentialAction\":[{\"@type\":\"SearchAction\",\"target\":{\"@type\":\"EntryPoint\",\"urlTemplate\":\"https:\/\/box.bluegorilla.es\/?s={search_term_string}\"},\"query-input\":\"required name=search_term_string\"}],\"inLanguage\":\"en-GB\"},{\"@type\":\"ImageObject\",\"inLanguage\":\"en-GB\",\"@id\":\"https:\/\/box.bluegorilla.es\/gprs-kinesiotape-sp#primaryimage\",\"url\":\"https:\/\/box.bluegorilla.es\/wp-content\/uploads\/kinesio-contenidoa-1.jpg\",\"contentUrl\":\"https:\/\/box.bluegorilla.es\/wp-content\/uploads\/kinesio-contenidoa-1.jpg\",\"width\":2400,\"height\":1200,\"caption\":\"Kinesio_contenidoa_1\"},{\"@type\":\"WebPage\",\"@id\":\"https:\/\/box.bluegorilla.es\/gprs-kinesiotape-sp\",\"url\":\"https:\/\/box.bluegorilla.es\/gprs-kinesiotape-sp\",\"name\":\"GPRS KinesioTape SP - BLUEGORILLA\",\"isPartOf\":{\"@id\":\"https:\/\/box.bluegorilla.es\/#website\"},\"primaryImageOfPage\":{\"@id\":\"https:\/\/box.bluegorilla.es\/gprs-kinesiotape-sp#primaryimage\"},\"datePublished\":\"2025-03-31T22:00:40+00:00\",\"dateModified\":\"2026-03-20T08:18:04+00:00\",\"breadcrumb\":{\"@id\":\"https:\/\/box.bluegorilla.es\/gprs-kinesiotape-sp#breadcrumb\"},\"inLanguage\":\"en-GB\",\"potentialAction\":[{\"@type\":\"ReadAction\",\"target\":[\"https:\/\/box.bluegorilla.es\/gprs-kinesiotape-sp\"]}]},{\"@type\":\"BreadcrumbList\",\"@id\":\"https:\/\/box.bluegorilla.es\/gprs-kinesiotape-sp#breadcrumb\",\"itemListElement\":[{\"@type\":\"ListItem\",\"position\":1,\"name\":\"Portada\",\"item\":\"https:\/\/box.bluegorilla.es\/\"},{\"@type\":\"ListItem\",\"position\":2,\"name\":\"GPRS KinesioTape SP\"}]}]}<\/script>\n<!-- \/ Yoast SEO plugin. -->","yoast_head_json":{"title":"GPRS KinesioTape SP - BLUEGORILLA","robots":{"index":"index","follow":"follow","max-snippet":"max-snippet:-1","max-image-preview":"max-image-preview:large","max-video-preview":"max-video-preview:-1"},"canonical":"https:\/\/box.bluegorilla.es\/en\/gprs-kinesiotape-sp\/","og_locale":"en_GB","og_type":"article","og_title":"GPRS KinesioTape SP - BLUEGORILLA","og_description":"Gu\u00eda de aplicaci\u00f3n, uso y seguridad &#8211; Kinesiotapes Gu\u00eda de Aplicaci\u00f3n, Uso y Seguridad: Kinesiotapes Nombre del producto: Kinesiotape GPRSFabricante: AUPCON MEDICAL TECHNOLOGY (WUXI) CO.LTDDirecci\u00f3n del fabricante: No. 1060, Antai Third Road, Houqiao Street, Xishan District, Wuxi, Jiangsu, ChinaImportador responsable en la UE: BLUEGORILLA SLCorreo electr\u00f3nico de contacto: gprs_info@bluegorilla.esN\u00famero de lote: Visible en el envase [&hellip;]","og_url":"https:\/\/box.bluegorilla.es\/en\/gprs-kinesiotape-sp\/","og_site_name":"BLUEGORILLA","article_modified_time":"2026-03-20T08:18:04+00:00","og_image":[{"url":"https:\/\/box.bluegorilla.es\/wp-content\/uploads\/kinesio-contenidoa-1-1024x512.jpg"}],"twitter_card":"summary","twitter_misc":{"Estimated reading time":"1 minute"},"schema":{"@context":"https:\/\/schema.org","@graph":[{"@type":"WebSite","@id":"https:\/\/box.bluegorilla.es\/#website","url":"https:\/\/box.bluegorilla.es\/","name":"BLUEGORILLA","description":"Entrenamiento personal","potentialAction":[{"@type":"SearchAction","target":{"@type":"EntryPoint","urlTemplate":"https:\/\/box.bluegorilla.es\/?s={search_term_string}"},"query-input":"required name=search_term_string"}],"inLanguage":"en-GB"},{"@type":"ImageObject","inLanguage":"en-GB","@id":"https:\/\/box.bluegorilla.es\/gprs-kinesiotape-sp#primaryimage","url":"https:\/\/box.bluegorilla.es\/wp-content\/uploads\/kinesio-contenidoa-1.jpg","contentUrl":"https:\/\/box.bluegorilla.es\/wp-content\/uploads\/kinesio-contenidoa-1.jpg","width":2400,"height":1200,"caption":"Kinesio_contenidoa_1"},{"@type":"WebPage","@id":"https:\/\/box.bluegorilla.es\/gprs-kinesiotape-sp","url":"https:\/\/box.bluegorilla.es\/gprs-kinesiotape-sp","name":"GPRS KinesioTape SP - BLUEGORILLA","isPartOf":{"@id":"https:\/\/box.bluegorilla.es\/#website"},"primaryImageOfPage":{"@id":"https:\/\/box.bluegorilla.es\/gprs-kinesiotape-sp#primaryimage"},"datePublished":"2025-03-31T22:00:40+00:00","dateModified":"2026-03-20T08:18:04+00:00","breadcrumb":{"@id":"https:\/\/box.bluegorilla.es\/gprs-kinesiotape-sp#breadcrumb"},"inLanguage":"en-GB","potentialAction":[{"@type":"ReadAction","target":["https:\/\/box.bluegorilla.es\/gprs-kinesiotape-sp"]}]},{"@type":"BreadcrumbList","@id":"https:\/\/box.bluegorilla.es\/gprs-kinesiotape-sp#breadcrumb","itemListElement":[{"@type":"ListItem","position":1,"name":"Portada","item":"https:\/\/box.bluegorilla.es\/"},{"@type":"ListItem","position":2,"name":"GPRS KinesioTape SP"}]}]}},"_links":{"self":[{"href":"https:\/\/box.bluegorilla.es\/en\/wp-json\/wp\/v2\/pages\/14821","targetHints":{"allow":["GET"]}}],"collection":[{"href":"https:\/\/box.bluegorilla.es\/en\/wp-json\/wp\/v2\/pages"}],"about":[{"href":"https:\/\/box.bluegorilla.es\/en\/wp-json\/wp\/v2\/types\/page"}],"author":[{"embeddable":true,"href":"https:\/\/box.bluegorilla.es\/en\/wp-json\/wp\/v2\/users\/2"}],"replies":[{"embeddable":true,"href":"https:\/\/box.bluegorilla.es\/en\/wp-json\/wp\/v2\/comments?post=14821"}],"version-history":[{"count":6,"href":"https:\/\/box.bluegorilla.es\/en\/wp-json\/wp\/v2\/pages\/14821\/revisions"}],"predecessor-version":[{"id":15053,"href":"https:\/\/box.bluegorilla.es\/en\/wp-json\/wp\/v2\/pages\/14821\/revisions\/15053"}],"wp:attachment":[{"href":"https:\/\/box.bluegorilla.es\/en\/wp-json\/wp\/v2\/media?parent=14821"}],"curies":[{"name":"wp","href":"https:\/\/api.w.org\/{rel}","templated":true}]}}